{"id":799,"date":"2025-11-06T04:20:19","date_gmt":"2025-11-06T04:20:19","guid":{"rendered":"https:\/\/amclinicas.org\/?page_id=799"},"modified":"2025-11-15T04:16:13","modified_gmt":"2025-11-15T04:16:13","slug":"rehabilitacion-fisica-deportiva-y-geriatrica-2","status":"publish","type":"page","link":"https:\/\/amclinicas.org\/index.php\/rehabilitacion-fisica-deportiva-y-geriatrica-2\/","title":{"rendered":"Fisioterapia y Rehabilitaci\u00f3n"},"content":{"rendered":"\t\t<div data-elementor-type=\"wp-page\" data-elementor-id=\"799\" class=\"elementor elementor-799\">\n\t\t\t\t<div class=\"elementor-element elementor-element-8e4f11a e-flex e-con-boxed sc_layouts_column_icons_position_left e-con e-parent\" data-id=\"8e4f11a\" data-element_type=\"container\">\n\t\t\t\t\t<div class=\"e-con-inner\">\n\t\t\t\t<div class=\"elementor-element elementor-element-8611391 sc_fly_static elementor-widget elementor-widget-wp-widget-text\" data-id=\"8611391\" data-element_type=\"widget\" data-widget_type=\"wp-widget-text.default\">\n\t\t\t\t<div class=\"elementor-widget-container\">\n\t\t\t\t\t<aside class=\"widget wp-widget-text\">\t\t\t<div class=\"textwidget\"><p>Recupera tu movilidad, disminuye el dolor y mejora tu calidad de vida con tratamientos dise\u00f1ados seg\u00fan tu diagn\u00f3stico.<\/p>\n<p>*Siempre realizamos una valoraci\u00f3n previa personalizada, donde se analiza tu historial, s\u00edntomas y objetivos, para crear un plan de tratamiento espec\u00edfico para ti.<\/p>\n<p><strong><u>Tipos de rehabilitaci\u00f3n:<\/u><\/strong><\/p>\n<ul>\n<li>Rehabilitaci\u00f3n f\u00edsica: recuperaci\u00f3n de fuerza, movilidad y coordinaci\u00f3n tras lesiones, cirug\u00edas o dolor cr\u00f3nico.<\/li>\n<li>Rehabilitaci\u00f3n deportiva: enfocada en optimizar el rendimiento y prevenir reca\u00eddas en deportistas.<\/li>\n<li>Rehabilitaci\u00f3n geri\u00e1trica: atenci\u00f3n especializada para adultos mayores, enfocada en mantener la independencia funcional, mejorar equilibrio, fuerza y calidad de vida.<\/li>\n<\/ul>\n<p><strong><u>Tratamientos comunes:<\/u><\/strong><\/p>\n<ul>\n<li>Lumbalgia, nervio ci\u00e1tico, esguinces, cervicalgia y contracturas musculares.<\/li>\n<li>Par\u00e1lisis facial.<\/li>\n<li>Lesiones deportivas o postoperatorias.<\/li>\n<\/ul>\n<p>&nbsp;<\/p>\n<p><img fetchpriority=\"high\" decoding=\"async\" fetchpriority=\"high\" class=\"aligncenter wp-image-808 size-resurs-thumb-masonry-big\" src=\"https:\/\/amclinicas.org\/wp-content\/uploads\/2025\/11\/masaje-840x840.jpg\" alt=\"\" width=\"840\" height=\"840\" srcset=\"https:\/\/amclinicas.org\/wp-content\/uploads\/2025\/11\/masaje-840x840.jpg 840w, https:\/\/amclinicas.org\/wp-content\/uploads\/2025\/11\/masaje-300x300.jpg 300w, https:\/\/amclinicas.org\/wp-content\/uploads\/2025\/11\/masaje-150x150.jpg 150w, https:\/\/amclinicas.org\/wp-content\/uploads\/2025\/11\/masaje-768x768.jpg 768w, https:\/\/amclinicas.org\/wp-content\/uploads\/2025\/11\/masaje-370x370.jpg 370w, https:\/\/amclinicas.org\/wp-content\/uploads\/2025\/11\/masaje-120x120.jpg 120w, https:\/\/amclinicas.org\/wp-content\/uploads\/2025\/11\/masaje-410x410.jpg 410w, https:\/\/amclinicas.org\/wp-content\/uploads\/2025\/11\/masaje.jpg 1024w\" sizes=\"(max-width: 840px) 100vw, 840px\" \/><\/p>\n<p><strong><u>T\u00e9cnicas utilizadas:<\/u><\/strong><\/p>\n<ul>\n<li>Ejercicios de movilidad y fortalecimiento progresivo.<\/li>\n<li>Reeducaci\u00f3n postural y funcional.<\/li>\n<li>Electroterapia, crioterapia y termoterapia.<\/li>\n<li>Masoterapia y estiramientos asistidos.<\/li>\n<\/ul>\n<p><strong><u>Beneficios:<\/u><\/strong><\/p>\n<ul>\n<li>Recuperaci\u00f3n m\u00e1s r\u00e1pida despu\u00e9s de lesiones o cirug\u00edas.<\/li>\n<li>Reducci\u00f3n del dolor y mejora del rendimiento f\u00edsico.<\/li>\n<li>Prevenci\u00f3n de reca\u00eddas y compensaciones musculares.<\/li>\n<\/ul>\n<\/div>\n\t\t<\/aside>\t\t\t\t<\/div>\n\t\t\t\t<\/div>\n\t\t\t\t\t<\/div>\n\t\t\t\t<\/div>\n\t\t\t\t<\/div>\n\t\t","protected":false},"excerpt":{"rendered":"","protected":false},"author":1,"featured_media":0,"parent":0,"menu_order":0,"comment_status":"closed","ping_status":"closed","template":"","meta":{"ngg_post_thumbnail":0,"_joinchat":[],"footnotes":""},"class_list":["post-799","page","type-page","status-publish","hentry"],"_links":{"self":[{"href":"https:\/\/amclinicas.org\/index.php\/wp-json\/wp\/v2\/pages\/799","targetHints":{"allow":["GET"]}}],"collection":[{"href":"https:\/\/amclinicas.org\/index.php\/wp-json\/wp\/v2\/pages"}],"about":[{"href":"https:\/\/amclinicas.org\/index.php\/wp-json\/wp\/v2\/types\/page"}],"author":[{"embeddable":true,"href":"https:\/\/amclinicas.org\/index.php\/wp-json\/wp\/v2\/users\/1"}],"replies":[{"embeddable":true,"href":"https:\/\/amclinicas.org\/index.php\/wp-json\/wp\/v2\/comments?post=799"}],"version-history":[{"count":13,"href":"https:\/\/amclinicas.org\/index.php\/wp-json\/wp\/v2\/pages\/799\/revisions"}],"predecessor-version":[{"id":1063,"href":"https:\/\/amclinicas.org\/index.php\/wp-json\/wp\/v2\/pages\/799\/revisions\/1063"}],"wp:attachment":[{"href":"https:\/\/amclinicas.org\/index.php\/wp-json\/wp\/v2\/media?parent=799"}],"curies":[{"name":"wp","href":"https:\/\/api.w.org\/{rel}","templated":true}]}}