{"id":76,"date":"2025-10-26T21:35:40","date_gmt":"2025-10-26T21:35:40","guid":{"rendered":"https:\/\/amclinicas.org\/?page_id=76"},"modified":"2025-11-12T04:25:28","modified_gmt":"2025-11-12T04:25:28","slug":"am-clinicas-2","status":"publish","type":"page","link":"https:\/\/amclinicas.org\/","title":{"rendered":""},"content":{"rendered":"\n<p class=\"has-text-align-center\"><div id=\"metaslider-id-472\" style=\"width: 100%;\" class=\"ml-slider-3-102-0 metaslider metaslider-flex metaslider-472 ml-slider has-dots-nav has-carousel-mode ms-theme-clarity\" role=\"region\" aria-label=\"Nueva presentaci\u00f3n de diapositivas\" data-height=\"400\" data-width=\"300\">\n    <div id=\"metaslider_container_472\">\n        <div id=\"metaslider_472\">\n            <ul aria-live='off' class='slides'>\n                <li style=\"display: none; width: 100%;\" class=\"slide-474 ms-image \" aria-roledescription=\"slide\" data-date=\"2025-10-28 16:57:23\" data-slide-type=\"image\"><a href=\"https:\/\/amclinicas.org\/index.php\/servicios\/\" target=\"_self\" aria-label=\"Servicios\" class=\"metaslider_image_link\"><img fetchpriority=\"high\" decoding=\"async\" src=\"https:\/\/amclinicas.org\/wp-content\/uploads\/2025\/11\/Servicios-300x400.jpg\" height=\"400\" width=\"300\" alt=\"Servicios\" class=\"slider-472 slide-474 msDefaultImage\" title=\"Servicios\" \/><\/a><div class=\"caption-wrap\"><div class=\"caption\"><div style=\"text-align:center;\"><strong>SERVICIOS<\/strong><\/div><\/div><\/div><\/li>\n                <li style=\"display: none; width: 100%;\" class=\"slide-475 ms-image \" aria-roledescription=\"slide\" data-date=\"2025-10-28 16:57:46\" data-slide-type=\"image\"><a href=\"https:\/\/amclinicas.org\/index.php\/oferta-educativa\/\" target=\"_self\" aria-label=\"Oferta Educativa\" class=\"metaslider_image_link\"><img decoding=\"async\" src=\"https:\/\/amclinicas.org\/wp-content\/uploads\/2025\/11\/Oferta-educativa-300x400.jpg\" height=\"400\" width=\"300\" alt=\"\" class=\"slider-472 slide-475 msDefaultImage\" title=\"Oferta educativa\" \/><\/a><div class=\"caption-wrap\"><div class=\"caption\"><div style=\"text-align:center;\"><strong>OFERTA EDUCATIVA<\/strong><\/div><\/div><\/div><\/li>\n                <li style=\"display: none; width: 100%;\" class=\"slide-476 ms-image \" aria-roledescription=\"slide\" data-date=\"2025-10-28 16:57:55\" data-slide-type=\"image\"><a href=\"https:\/\/amclinicas.org\/index.php\/sucursales\/\" target=\"_self\" aria-label=\"SUCURSALES\" class=\"metaslider_image_link\"><img decoding=\"async\" src=\"https:\/\/amclinicas.org\/wp-content\/uploads\/2025\/10\/WhatsApp-Image-2025-08-27-at-5.30.19-AM-scaled-300x400.jpeg\" height=\"400\" width=\"300\" alt=\"\" class=\"slider-472 slide-476 msDefaultImage\" title=\"WhatsApp Image 2025-08-27 at 5.30.19 AM\" \/><\/a><div class=\"caption-wrap\"><div class=\"caption\"><div style=\"text-align:center;\"><strong>SUCURSALES<\/strong><\/div><\/div><\/div><\/li>\n                <li style=\"display: none; width: 100%;\" class=\"slide-533 ms-image \" aria-roledescription=\"slide\" data-date=\"2025-10-28 21:15:40\" data-slide-type=\"image\"><a href=\"https:\/\/amclinicas.org\/index.php\/preguntas-frecuentes-2\/\" target=\"_self\" aria-label=\"Preguntas Frecuentes\" class=\"metaslider_image_link\"><img loading=\"lazy\" decoding=\"async\" src=\"https:\/\/amclinicas.org\/wp-content\/uploads\/2025\/11\/ask-300x400.jpg\" height=\"400\" width=\"300\" alt=\"\" class=\"slider-472 slide-533 msDefaultImage\" title=\"ask\" \/><\/a><div class=\"caption-wrap\"><div class=\"caption\"><div style=\"text-align:center;\"><strong>PREGUNTAS FRECUENTES<\/strong><\/div><\/div><\/div><\/li>\n                <li style=\"display: none; width: 100%;\" class=\"slide-1109 ms-image \" aria-roledescription=\"slide\" data-date=\"2025-11-17 15:50:53\" data-slide-type=\"image\"><a href=\"https:\/\/amclinicas.org\/events\/lista\/\" target=\"_self\" aria-label=\"CALENDARIO DE CURSOS\" class=\"metaslider_image_link\"><img loading=\"lazy\" decoding=\"async\" src=\"https:\/\/amclinicas.org\/wp-content\/uploads\/2025\/11\/calendarioacti-300x400.jpg\" height=\"400\" width=\"300\" alt=\"Calendario de Cursos\" class=\"slider-472 slide-1109 msDefaultImage\" title=\"calendarioacti\" \/><\/a><div class=\"caption-wrap\"><div class=\"caption\"><div style=\"text-align:center;\"><strong>CALENDARIO DE CURSOS<\/strong><\/div><\/div><\/div><\/li>\n                <li style=\"display: none; width: 100%;\" class=\"slide-1126 ms-image \" aria-roledescription=\"slide\" data-date=\"2025-11-18 04:22:35\" data-slide-type=\"image\"><a href=\"https:\/\/amclinicas.org\/index.php\/eventos-complemetarios\/\" target=\"_self\" aria-label=\"Pr\u00e1cticas y Eventos Complementarios\" class=\"metaslider_image_link\"><img loading=\"lazy\" decoding=\"async\" src=\"https:\/\/amclinicas.org\/wp-content\/uploads\/2025\/11\/capacita-300x400.jpg\" height=\"400\" width=\"300\" alt=\"\" class=\"slider-472 slide-1126 msDefaultImage\" title=\"capacita\" \/><\/a><div class=\"caption-wrap\"><div class=\"caption\"><div style=\"text-align:center;\"><strong>PR\u00c1CTICAS Y EVENTOS COMPLEMENTARIOS<\/strong><\/div><\/div><\/div><\/li>\n                <li style=\"display: none; width: 100%;\" class=\"slide-1149 ms-image \" aria-roledescription=\"slide\" data-date=\"2025-11-18 18:24:05\" data-slide-type=\"image\"><a href=\"https:\/\/amclinicas.org\/index.php\/alianzas\/\" target=\"_self\" aria-label=\"Alianzas\" class=\"metaslider_image_link\"><img loading=\"lazy\" decoding=\"async\" src=\"https:\/\/amclinicas.org\/wp-content\/uploads\/2025\/11\/alianza2-300x400.jpg\" height=\"400\" width=\"300\" alt=\"\" class=\"slider-472 slide-1149 msDefaultImage\" title=\"alianza2\" \/><\/a><div class=\"caption-wrap\"><div class=\"caption\"><div style=\"text-align:center;\"><strong>ALIANZAS<\/strong><\/div><\/div><\/div><\/li>\n            <\/ul>\n        <\/div>\n        \n    <\/div>\n<\/div><\/p>\n\n\n\n<div class=\"wp-block-columns is-layout-flex wp-container-core-columns-is-layout-9d6595d7 wp-block-columns-is-layout-flex\">\n<div class=\"wp-block-column is-layout-flow wp-block-column-is-layout-flow\">\n<figure class=\"wp-block-image size-large\"><img loading=\"lazy\" decoding=\"async\" width=\"791\" height=\"1024\" src=\"https:\/\/amclinicas.org\/wp-content\/uploads\/2025\/10\/comadreja_comic-791x1024.jpg\" alt=\"\" class=\"wp-image-12\" srcset=\"https:\/\/amclinicas.org\/wp-content\/uploads\/2025\/10\/comadreja_comic-791x1024.jpg 791w, https:\/\/amclinicas.org\/wp-content\/uploads\/2025\/10\/comadreja_comic-600x777.jpg 600w, https:\/\/amclinicas.org\/wp-content\/uploads\/2025\/10\/comadreja_comic-232x300.jpg 232w, https:\/\/amclinicas.org\/wp-content\/uploads\/2025\/10\/comadreja_comic-768x995.jpg 768w, https:\/\/amclinicas.org\/wp-content\/uploads\/2025\/10\/comadreja_comic.jpg 1112w\" sizes=\"(max-width: 791px) 100vw, 791px\" \/><\/figure>\n<\/div>\n\n\n\n<div class=\"wp-block-column is-layout-flow wp-block-column-is-layout-flow\">\n<p class=\"has-black-color has-text-color has-link-color wp-elements-df79d10c29a1cf5a18af3134c826e018\">En AM Cl\u00ednicas e Instituto Integral unimos la salud, la educaci\u00f3n y la vocaci\u00f3n de servicio para transformar vidas.<\/p>\n\n\n\n<p class=\"has-black-color has-text-color has-link-color wp-elements-16ca33e9dcc08b9f46d62150f7e5dda9\">Nacimos con la visi\u00f3n de crear un espacio accesible y profesional donde las personas puedan:<\/p>\n\n\n\n<ul class=\"wp-block-list\">\n<li class=\"has-black-color has-text-color has-link-color wp-elements-6b0df0a14597db452d9f2634622b4fb5\">Recibir servicios como: terapias de rehabilitaci\u00f3n, lesiones deportivas, patolog\u00edas degenerativas y post operatorios (Quiropraxia, Acupuntura, Terapia F\u00edsica y Rehabilitaci\u00f3n).<\/li>\n\n\n\n<li class=\"has-black-color has-text-color has-link-color wp-elements-3227340fc2f2c3231156d74992a1be4f\">Disfrutar de servicios de spa y est\u00e9tica.<\/li>\n<\/ul>\n\n\n\n<p><\/p>\n\n\n\n<p class=\"has-black-color has-text-color has-link-color wp-elements-30fc5c3ede2bb525bf1381deb8ee3199\">En lo acad\u00e9mico:<\/p>\n\n\n\n<ul class=\"wp-block-list\">\n<li class=\"has-black-color has-text-color has-link-color wp-elements-13d9cbdb9c0b3d34eda33b8bcf6df8a4\">Formarse como especialistas en \u00e1reas de la salud, la est\u00e9tica y la activaci\u00f3n f\u00edsica, a trav\u00e9s de diplomados avalados por la SEP, la STPS y  la SEP Conocer.<\/li>\n\n\n\n<li class=\"has-black-color has-text-color has-link-color wp-elements-f6edb4151fae4e810011ad8fea551df1\">Acceder a cursos y talleres de actualizaci\u00f3n para mantenerse siempre a la vanguardia.<\/li>\n\n\n\n<li class=\"has-black-color has-text-color has-link-color wp-elements-458c76848307bd3977c7eb59fd6af884\">Tener opciones y documentaci\u00f3n para ingresar al \u00e1rea laboral.<\/li>\n<\/ul>\n\n\n\n<p><\/p>\n<\/div>\n<\/div>\n\n\n\n<div class=\"wp-block-columns is-layout-flex wp-container-core-columns-is-layout-9d6595d7 wp-block-columns-is-layout-flex\">\n<div class=\"wp-block-column is-layout-flow wp-block-column-is-layout-flow\"><\/div>\n\n\n\n<div class=\"wp-block-column is-layout-flow wp-block-column-is-layout-flow\"><\/div>\n\n\n\n<div class=\"wp-block-column is-layout-flow wp-block-column-is-layout-flow\"><\/div>\n<\/div>\n\n\n\n<p><\/p>\n","protected":false},"excerpt":{"rendered":"<p>En AM Cl\u00ednicas e Instituto Integral unimos la salud, la educaci\u00f3n y la vocaci\u00f3n de servicio para transformar vidas. Nacimos con la visi\u00f3n de crear un espacio accesible y profesional&hellip;<\/p>\n","protected":false},"author":1,"featured_media":0,"parent":0,"menu_order":0,"comment_status":"closed","ping_status":"closed","template":"","meta":{"ngg_post_thumbnail":0,"_joinchat":[],"footnotes":""},"class_list":["post-76","page","type-page","status-publish","hentry"],"_links":{"self":[{"href":"https:\/\/amclinicas.org\/index.php\/wp-json\/wp\/v2\/pages\/76","targetHints":{"allow":["GET"]}}],"collection":[{"href":"https:\/\/amclinicas.org\/index.php\/wp-json\/wp\/v2\/pages"}],"about":[{"href":"https:\/\/amclinicas.org\/index.php\/wp-json\/wp\/v2\/types\/page"}],"author":[{"embeddable":true,"href":"https:\/\/amclinicas.org\/index.php\/wp-json\/wp\/v2\/users\/1"}],"replies":[{"embeddable":true,"href":"https:\/\/amclinicas.org\/index.php\/wp-json\/wp\/v2\/comments?post=76"}],"version-history":[{"count":34,"href":"https:\/\/amclinicas.org\/index.php\/wp-json\/wp\/v2\/pages\/76\/revisions"}],"predecessor-version":[{"id":986,"href":"https:\/\/amclinicas.org\/index.php\/wp-json\/wp\/v2\/pages\/76\/revisions\/986"}],"wp:attachment":[{"href":"https:\/\/amclinicas.org\/index.php\/wp-json\/wp\/v2\/media?parent=76"}],"curies":[{"name":"wp","href":"https:\/\/api.w.org\/{rel}","templated":true}]}}