{"id":1146,"date":"2025-11-18T18:29:15","date_gmt":"2025-11-18T18:29:15","guid":{"rendered":"https:\/\/amclinicas.org\/?page_id=1146"},"modified":"2025-11-18T22:15:17","modified_gmt":"2025-11-18T22:15:17","slug":"alianzas","status":"publish","type":"page","link":"https:\/\/amclinicas.org\/index.php\/alianzas\/","title":{"rendered":"Alianzas"},"content":{"rendered":"\t\t<div data-elementor-type=\"wp-page\" data-elementor-id=\"1146\" class=\"elementor elementor-1146\">\n\t\t\t\t<div class=\"elementor-element elementor-element-b730199 e-flex e-con-boxed sc_layouts_column_icons_position_left e-con e-parent\" data-id=\"b730199\" data-element_type=\"container\">\n\t\t\t\t\t<div class=\"e-con-inner\">\n\t\t\t\t<div class=\"elementor-element elementor-element-edac001 sc_fly_static elementor-widget elementor-widget-text-editor\" data-id=\"edac001\" data-element_type=\"widget\" data-widget_type=\"text-editor.default\">\n\t\t\t\t\t\t\t\t\t<div>\u00a0<\/div><h3><span style=\"color: #000000;\"><strong>LEXFA (Liga Extrema de F\u00fatbol Americano)<\/strong><\/span><\/h3><div>\u00a0<\/div><div><span style=\"color: #000000;\">En <strong>AM Cl\u00ednicas<\/strong> nos enorgullece ser patrocinadores oficiales de <strong>LEXFA<\/strong>, la liga m\u00e1s importante y de mayor crecimiento en M\u00e9xico dentro de la disciplina de Football Americano en modalidad Arena.<\/span><\/div><div>\u00a0<\/div><div><img fetchpriority=\"high\" decoding=\"async\" class=\"aligncenter wp-image-1150 size-resurs-thumb-med\" src=\"https:\/\/amclinicas.org\/wp-content\/uploads\/2025\/11\/aaa-Lexfa-Stars-410x230.png\" alt=\"\" width=\"410\" height=\"230\" srcset=\"https:\/\/amclinicas.org\/wp-content\/uploads\/2025\/11\/aaa-Lexfa-Stars-410x230.png 410w, https:\/\/amclinicas.org\/wp-content\/uploads\/2025\/11\/aaa-Lexfa-Stars-840x473.png 840w, https:\/\/amclinicas.org\/wp-content\/uploads\/2025\/11\/aaa-Lexfa-Stars-270x152.png 270w\" sizes=\"(max-width: 600px) 100vw, 410px\" \/><\/div><div>\u00a0<\/div><div><span style=\"color: #000000;\">Durante m\u00e1s de 4 a\u00f1os, hemos brindado a <strong>LEXFA<\/strong> nuestro respaldo como colaboradores en acompa\u00f1amiento m\u00e9dico y rehabilitaci\u00f3n deportiva, atendiendo a atletas durante:<\/span><\/div><div><span style=\"color: #000000;\">\u2022Torneos nacionales<\/span><\/div><div><span style=\"color: #000000;\">\u2022Torneos internacionales<\/span><\/div><div><span style=\"color: #000000;\">\u2022Encuentros en pa\u00edses como Canad\u00e1, Brasil y Colombia<\/span><\/div><div><span style=\"color: #000000;\">\u2022Diversas sedes dentro de la Rep\u00fablica Mexicana<\/span><\/div><div>\u00a0<\/div><div><!-- default-view.php -->\n<div\n\tclass=\"ngg-galleryoverview default-view\n\t\t\"\n\tid=\"ngg-gallery-a63f1cb2a76db35ce77fae56f4ed5a7c-1\">\n\n\t\t<!-- Thumbnails -->\n\t\t\t\t<div id=\"ngg-image-0\" class=\"ngg-gallery-thumbnail-box\n\t\t\t\t\t\t\t\t\t\t\t\"\n\t\t\t>\n\t\t\t\t\t\t<div class=\"ngg-gallery-thumbnail\">\n\t\t\t<a href=\"https:\/\/amclinicas.org\/wp-content\/gallery\/alianzas\/IMG-20251118-WA0075.jpg\"\n\t\t\t\ttitle=\"\"\n\t\t\t\tdata-src=\"https:\/\/amclinicas.org\/wp-content\/gallery\/alianzas\/IMG-20251118-WA0075.jpg\"\n\t\t\t\tdata-thumbnail=\"https:\/\/amclinicas.org\/wp-content\/gallery\/alianzas\/thumbs\/thumbs-IMG-20251118-WA0075.jpg\"\n\t\t\t\tdata-image-id=\"19\"\n\t\t\t\tdata-title=\"IMG-20251118-WA0075\"\n\t\t\t\tdata-description=\"\"\n\t\t\t\tdata-image-slug=\"img-20251118-wa0075\"\n\t\t\t\tclass=\"ngg-simplelightbox\" rel=\"a63f1cb2a76db35ce77fae56f4ed5a7c\">\n\t\t\t\t<img\n\t\t\t\t\ttitle=\"IMG-20251118-WA0075\"\n\t\t\t\t\talt=\"IMG-20251118-WA0075\"\n\t\t\t\t\tsrc=\"https:\/\/amclinicas.org\/wp-content\/gallery\/alianzas\/thumbs\/thumbs-IMG-20251118-WA0075.jpg\"\n\t\t\t\t\twidth=\"240\"\n\t\t\t\t\theight=\"160\"\n\t\t\t\t\tstyle=\"max-width:100%;\"\n\t\t\t\t\/>\n\t\t\t<\/a>\n\t\t<\/div>\n\t\t\t\t\t\t\t<\/div>\n\t\t\t\n\t\t\t\t<div id=\"ngg-image-1\" class=\"ngg-gallery-thumbnail-box\n\t\t\t\t\t\t\t\t\t\t\t\"\n\t\t\t>\n\t\t\t\t\t\t<div class=\"ngg-gallery-thumbnail\">\n\t\t\t<a href=\"https:\/\/amclinicas.org\/wp-content\/gallery\/alianzas\/IMG-20251118-WA0079.jpg\"\n\t\t\t\ttitle=\"\"\n\t\t\t\tdata-src=\"https:\/\/amclinicas.org\/wp-content\/gallery\/alianzas\/IMG-20251118-WA0079.jpg\"\n\t\t\t\tdata-thumbnail=\"https:\/\/amclinicas.org\/wp-content\/gallery\/alianzas\/thumbs\/thumbs-IMG-20251118-WA0079.jpg\"\n\t\t\t\tdata-image-id=\"20\"\n\t\t\t\tdata-title=\"IMG-20251118-WA0079\"\n\t\t\t\tdata-description=\"\"\n\t\t\t\tdata-image-slug=\"img-20251118-wa0079\"\n\t\t\t\tclass=\"ngg-simplelightbox\" rel=\"a63f1cb2a76db35ce77fae56f4ed5a7c\">\n\t\t\t\t<img\n\t\t\t\t\ttitle=\"IMG-20251118-WA0079\"\n\t\t\t\t\talt=\"IMG-20251118-WA0079\"\n\t\t\t\t\tsrc=\"https:\/\/amclinicas.org\/wp-content\/gallery\/alianzas\/thumbs\/thumbs-IMG-20251118-WA0079.jpg\"\n\t\t\t\t\twidth=\"240\"\n\t\t\t\t\theight=\"160\"\n\t\t\t\t\tstyle=\"max-width:100%;\"\n\t\t\t\t\/>\n\t\t\t<\/a>\n\t\t<\/div>\n\t\t\t\t\t\t\t<\/div>\n\t\t\t\n\t\t\t\t<div id=\"ngg-image-2\" class=\"ngg-gallery-thumbnail-box\n\t\t\t\t\t\t\t\t\t\t\t\"\n\t\t\t>\n\t\t\t\t\t\t<div class=\"ngg-gallery-thumbnail\">\n\t\t\t<a href=\"https:\/\/amclinicas.org\/wp-content\/gallery\/alianzas\/IMG-20251118-WA0078.jpg\"\n\t\t\t\ttitle=\"\"\n\t\t\t\tdata-src=\"https:\/\/amclinicas.org\/wp-content\/gallery\/alianzas\/IMG-20251118-WA0078.jpg\"\n\t\t\t\tdata-thumbnail=\"https:\/\/amclinicas.org\/wp-content\/gallery\/alianzas\/thumbs\/thumbs-IMG-20251118-WA0078.jpg\"\n\t\t\t\tdata-image-id=\"21\"\n\t\t\t\tdata-title=\"IMG-20251118-WA0078\"\n\t\t\t\tdata-description=\"\"\n\t\t\t\tdata-image-slug=\"img-20251118-wa0078\"\n\t\t\t\tclass=\"ngg-simplelightbox\" rel=\"a63f1cb2a76db35ce77fae56f4ed5a7c\">\n\t\t\t\t<img\n\t\t\t\t\ttitle=\"IMG-20251118-WA0078\"\n\t\t\t\t\talt=\"IMG-20251118-WA0078\"\n\t\t\t\t\tsrc=\"https:\/\/amclinicas.org\/wp-content\/gallery\/alianzas\/thumbs\/thumbs-IMG-20251118-WA0078.jpg\"\n\t\t\t\t\twidth=\"240\"\n\t\t\t\t\theight=\"160\"\n\t\t\t\t\tstyle=\"max-width:100%;\"\n\t\t\t\t\/>\n\t\t\t<\/a>\n\t\t<\/div>\n\t\t\t\t\t\t\t<\/div>\n\t\t\t\n\t\t\t\t<div id=\"ngg-image-3\" class=\"ngg-gallery-thumbnail-box\n\t\t\t\t\t\t\t\t\t\t\t\"\n\t\t\t>\n\t\t\t\t\t\t<div class=\"ngg-gallery-thumbnail\">\n\t\t\t<a href=\"https:\/\/amclinicas.org\/wp-content\/gallery\/alianzas\/IMG-20251118-WA0077.jpg\"\n\t\t\t\ttitle=\"\"\n\t\t\t\tdata-src=\"https:\/\/amclinicas.org\/wp-content\/gallery\/alianzas\/IMG-20251118-WA0077.jpg\"\n\t\t\t\tdata-thumbnail=\"https:\/\/amclinicas.org\/wp-content\/gallery\/alianzas\/thumbs\/thumbs-IMG-20251118-WA0077.jpg\"\n\t\t\t\tdata-image-id=\"22\"\n\t\t\t\tdata-title=\"IMG-20251118-WA0077\"\n\t\t\t\tdata-description=\"\"\n\t\t\t\tdata-image-slug=\"img-20251118-wa0077\"\n\t\t\t\tclass=\"ngg-simplelightbox\" rel=\"a63f1cb2a76db35ce77fae56f4ed5a7c\">\n\t\t\t\t<img\n\t\t\t\t\ttitle=\"IMG-20251118-WA0077\"\n\t\t\t\t\talt=\"IMG-20251118-WA0077\"\n\t\t\t\t\tsrc=\"https:\/\/amclinicas.org\/wp-content\/gallery\/alianzas\/thumbs\/thumbs-IMG-20251118-WA0077.jpg\"\n\t\t\t\t\twidth=\"240\"\n\t\t\t\t\theight=\"160\"\n\t\t\t\t\tstyle=\"max-width:100%;\"\n\t\t\t\t\/>\n\t\t\t<\/a>\n\t\t<\/div>\n\t\t\t\t\t\t\t<\/div>\n\t\t\t\n\t\t\t\t<div id=\"ngg-image-4\" class=\"ngg-gallery-thumbnail-box\n\t\t\t\t\t\t\t\t\t\t\t\"\n\t\t\t>\n\t\t\t\t\t\t<div class=\"ngg-gallery-thumbnail\">\n\t\t\t<a href=\"https:\/\/amclinicas.org\/wp-content\/gallery\/alianzas\/IMG-20251118-WA0073.jpg\"\n\t\t\t\ttitle=\"\"\n\t\t\t\tdata-src=\"https:\/\/amclinicas.org\/wp-content\/gallery\/alianzas\/IMG-20251118-WA0073.jpg\"\n\t\t\t\tdata-thumbnail=\"https:\/\/amclinicas.org\/wp-content\/gallery\/alianzas\/thumbs\/thumbs-IMG-20251118-WA0073.jpg\"\n\t\t\t\tdata-image-id=\"23\"\n\t\t\t\tdata-title=\"IMG-20251118-WA0073\"\n\t\t\t\tdata-description=\"\"\n\t\t\t\tdata-image-slug=\"img-20251118-wa0073\"\n\t\t\t\tclass=\"ngg-simplelightbox\" rel=\"a63f1cb2a76db35ce77fae56f4ed5a7c\">\n\t\t\t\t<img\n\t\t\t\t\ttitle=\"IMG-20251118-WA0073\"\n\t\t\t\t\talt=\"IMG-20251118-WA0073\"\n\t\t\t\t\tsrc=\"https:\/\/amclinicas.org\/wp-content\/gallery\/alianzas\/thumbs\/thumbs-IMG-20251118-WA0073.jpg\"\n\t\t\t\t\twidth=\"240\"\n\t\t\t\t\theight=\"160\"\n\t\t\t\t\tstyle=\"max-width:100%;\"\n\t\t\t\t\/>\n\t\t\t<\/a>\n\t\t<\/div>\n\t\t\t\t\t\t\t<\/div>\n\t\t\t\n\t\t\t\t<div id=\"ngg-image-5\" class=\"ngg-gallery-thumbnail-box\n\t\t\t\t\t\t\t\t\t\t\t\"\n\t\t\t>\n\t\t\t\t\t\t<div class=\"ngg-gallery-thumbnail\">\n\t\t\t<a href=\"https:\/\/amclinicas.org\/wp-content\/gallery\/alianzas\/IMG-20251118-WA0076.jpg\"\n\t\t\t\ttitle=\"\"\n\t\t\t\tdata-src=\"https:\/\/amclinicas.org\/wp-content\/gallery\/alianzas\/IMG-20251118-WA0076.jpg\"\n\t\t\t\tdata-thumbnail=\"https:\/\/amclinicas.org\/wp-content\/gallery\/alianzas\/thumbs\/thumbs-IMG-20251118-WA0076.jpg\"\n\t\t\t\tdata-image-id=\"24\"\n\t\t\t\tdata-title=\"IMG-20251118-WA0076\"\n\t\t\t\tdata-description=\"\"\n\t\t\t\tdata-image-slug=\"img-20251118-wa0076\"\n\t\t\t\tclass=\"ngg-simplelightbox\" rel=\"a63f1cb2a76db35ce77fae56f4ed5a7c\">\n\t\t\t\t<img\n\t\t\t\t\ttitle=\"IMG-20251118-WA0076\"\n\t\t\t\t\talt=\"IMG-20251118-WA0076\"\n\t\t\t\t\tsrc=\"https:\/\/amclinicas.org\/wp-content\/gallery\/alianzas\/thumbs\/thumbs-IMG-20251118-WA0076.jpg\"\n\t\t\t\t\twidth=\"240\"\n\t\t\t\t\theight=\"160\"\n\t\t\t\t\tstyle=\"max-width:100%;\"\n\t\t\t\t\/>\n\t\t\t<\/a>\n\t\t<\/div>\n\t\t\t\t\t\t\t<\/div>\n\t\t\t\n\t\t\t\t<div id=\"ngg-image-6\" class=\"ngg-gallery-thumbnail-box\n\t\t\t\t\t\t\t\t\t\t\t\"\n\t\t\t>\n\t\t\t\t\t\t<div class=\"ngg-gallery-thumbnail\">\n\t\t\t<a href=\"https:\/\/amclinicas.org\/wp-content\/gallery\/alianzas\/IMG-20251118-WA0074.jpg\"\n\t\t\t\ttitle=\"\"\n\t\t\t\tdata-src=\"https:\/\/amclinicas.org\/wp-content\/gallery\/alianzas\/IMG-20251118-WA0074.jpg\"\n\t\t\t\tdata-thumbnail=\"https:\/\/amclinicas.org\/wp-content\/gallery\/alianzas\/thumbs\/thumbs-IMG-20251118-WA0074.jpg\"\n\t\t\t\tdata-image-id=\"25\"\n\t\t\t\tdata-title=\"IMG-20251118-WA0074\"\n\t\t\t\tdata-description=\"\"\n\t\t\t\tdata-image-slug=\"img-20251118-wa0074\"\n\t\t\t\tclass=\"ngg-simplelightbox\" rel=\"a63f1cb2a76db35ce77fae56f4ed5a7c\">\n\t\t\t\t<img\n\t\t\t\t\ttitle=\"IMG-20251118-WA0074\"\n\t\t\t\t\talt=\"IMG-20251118-WA0074\"\n\t\t\t\t\tsrc=\"https:\/\/amclinicas.org\/wp-content\/gallery\/alianzas\/thumbs\/thumbs-IMG-20251118-WA0074.jpg\"\n\t\t\t\t\twidth=\"240\"\n\t\t\t\t\theight=\"160\"\n\t\t\t\t\tstyle=\"max-width:100%;\"\n\t\t\t\t\/>\n\t\t\t<\/a>\n\t\t<\/div>\n\t\t\t\t\t\t\t<\/div>\n\t\t\t\n\t\n\t<br style=\"clear: both\" \/>\n\n\t\n\t\t<!-- Pagination -->\n\t\t<div class='ngg-clear'><\/div>\t<\/div>\n<\/div><div>\u00a0<\/div><div><span style=\"color: #000000;\">Esta alianza refleja nuestro prop\u00f3sito de garantizar la mejor atenci\u00f3n, recuperaci\u00f3n e integridad f\u00edsica de los atletas, dentro y fuera del campo.<\/span><\/div>\t\t\t\t\t\t\t\t<\/div>\n\t\t\t\t\t<\/div>\n\t\t\t\t<\/div>\n\t\t\t\t<\/div>\n\t\t","protected":false},"excerpt":{"rendered":"<p>\u00a0 LEXFA (Liga Extrema de F\u00fatbol Americano) \u00a0En AM Cl\u00ednicas nos enorgullece ser patrocinadores oficiales de LEXFA, la liga m\u00e1s importante y de mayor crecimiento en M\u00e9xico dentro de la&hellip;<\/p>\n","protected":false},"author":1,"featured_media":0,"parent":0,"menu_order":0,"comment_status":"closed","ping_status":"closed","template":"","meta":{"ngg_post_thumbnail":0,"_joinchat":[],"footnotes":""},"class_list":["post-1146","page","type-page","status-publish","hentry"],"_links":{"self":[{"href":"https:\/\/amclinicas.org\/index.php\/wp-json\/wp\/v2\/pages\/1146","targetHints":{"allow":["GET"]}}],"collection":[{"href":"https:\/\/amclinicas.org\/index.php\/wp-json\/wp\/v2\/pages"}],"about":[{"href":"https:\/\/amclinicas.org\/index.php\/wp-json\/wp\/v2\/types\/page"}],"author":[{"embeddable":true,"href":"https:\/\/amclinicas.org\/index.php\/wp-json\/wp\/v2\/users\/1"}],"replies":[{"embeddable":true,"href":"https:\/\/amclinicas.org\/index.php\/wp-json\/wp\/v2\/comments?post=1146"}],"version-history":[{"count":22,"href":"https:\/\/amclinicas.org\/index.php\/wp-json\/wp\/v2\/pages\/1146\/revisions"}],"predecessor-version":[{"id":1183,"href":"https:\/\/amclinicas.org\/index.php\/wp-json\/wp\/v2\/pages\/1146\/revisions\/1183"}],"wp:attachment":[{"href":"https:\/\/amclinicas.org\/index.php\/wp-json\/wp\/v2\/media?parent=1146"}],"curies":[{"name":"wp","href":"https:\/\/api.w.org\/{rel}","templated":true}]}}