{"id":1096,"date":"2025-11-15T04:53:43","date_gmt":"2025-11-15T04:53:43","guid":{"rendered":"https:\/\/amclinicas.org\/?page_id=1096"},"modified":"2025-11-15T04:55:40","modified_gmt":"2025-11-15T04:55:40","slug":"spa-y-bienestar","status":"publish","type":"page","link":"https:\/\/amclinicas.org\/index.php\/spa-y-bienestar\/","title":{"rendered":"Spa y Bienestar"},"content":{"rendered":"\t\t<div data-elementor-type=\"wp-page\" data-elementor-id=\"1096\" class=\"elementor elementor-1096\">\n\t\t\t\t<div class=\"elementor-element elementor-element-189c477 e-flex e-con-boxed sc_layouts_column_icons_position_left e-con e-parent\" data-id=\"189c477\" data-element_type=\"container\">\n\t\t\t\t\t<div class=\"e-con-inner\">\n\t\t\t\t<div class=\"elementor-element elementor-element-956ddc0 sc_fly_static elementor-widget elementor-widget-text-editor\" data-id=\"956ddc0\" data-element_type=\"widget\" data-widget_type=\"text-editor.default\">\n\t\t\t\t\t\t\t\t\t<p>Un espacio para relajar cuerpo y mente, con terapias que favorecen la circulaci\u00f3n, eliminan toxinas y reducen el estr\u00e9s.<\/p><p>*Siempre realizamos una valoraci\u00f3n previa personalizada, donde se analiza tu historial y objetivos, para crear un plan de tratamiento espec\u00edfico para ti.<\/p><p><strong><u>Masajes terap\u00e9uticos:<\/u><\/strong><\/p><ul><li>Descontracturante: elimina nudos musculares y libera tensi\u00f3n.<\/li><li>Deportivo: mejora rendimiento y recuperaci\u00f3n antes o despu\u00e9s del ejercicio.<\/li><li>Linf\u00e1tico: estimula el sistema inmunol\u00f3gico y reduce retenci\u00f3n de l\u00edquidos.<\/li><li>Relajante: disminuye ansiedad y mejora el descanso.<\/li><li>De descarga: ideal para deportistas de alto rendimiento.<\/li><\/ul><p><strong><u>Tratamientos corporales:<\/u><\/strong><\/p><ul><li>Cavitaci\u00f3n: elimina grasa localizada mediante ultrasonido.<\/li><li>Vacuum: mejora circulaci\u00f3n y reduce celulitis.<\/li><li>Radiofrecuencia corporal: reafirma la piel y mejora su textura.<\/li><\/ul><p><strong><u>Beneficios:<\/u><\/strong><\/p><ul><li>Reducci\u00f3n de grasa y moldeado corporal.<\/li><li>Relajaci\u00f3n profunda y liberaci\u00f3n de toxinas.<\/li><\/ul><p>Mejora la apariencia de la piel y la circulaci\u00f3n.<\/p>\t\t\t\t\t\t\t\t<\/div>\n\t\t\t\t\t<\/div>\n\t\t\t\t<\/div>\n\t\t\t\t<\/div>\n\t\t","protected":false},"excerpt":{"rendered":"<p>Un espacio para relajar cuerpo y mente, con terapias que favorecen la circulaci\u00f3n, eliminan toxinas y reducen el estr\u00e9s. *Siempre realizamos una valoraci\u00f3n previa personalizada, donde se analiza tu historial&hellip;<\/p>\n","protected":false},"author":1,"featured_media":0,"parent":0,"menu_order":0,"comment_status":"closed","ping_status":"closed","template":"","meta":{"ngg_post_thumbnail":0,"_joinchat":[],"footnotes":""},"class_list":["post-1096","page","type-page","status-publish","hentry"],"_links":{"self":[{"href":"https:\/\/amclinicas.org\/index.php\/wp-json\/wp\/v2\/pages\/1096","targetHints":{"allow":["GET"]}}],"collection":[{"href":"https:\/\/amclinicas.org\/index.php\/wp-json\/wp\/v2\/pages"}],"about":[{"href":"https:\/\/amclinicas.org\/index.php\/wp-json\/wp\/v2\/types\/page"}],"author":[{"embeddable":true,"href":"https:\/\/amclinicas.org\/index.php\/wp-json\/wp\/v2\/users\/1"}],"replies":[{"embeddable":true,"href":"https:\/\/amclinicas.org\/index.php\/wp-json\/wp\/v2\/comments?post=1096"}],"version-history":[{"count":4,"href":"https:\/\/amclinicas.org\/index.php\/wp-json\/wp\/v2\/pages\/1096\/revisions"}],"predecessor-version":[{"id":1100,"href":"https:\/\/amclinicas.org\/index.php\/wp-json\/wp\/v2\/pages\/1096\/revisions\/1100"}],"wp:attachment":[{"href":"https:\/\/amclinicas.org\/index.php\/wp-json\/wp\/v2\/media?parent=1096"}],"curies":[{"name":"wp","href":"https:\/\/api.w.org\/{rel}","templated":true}]}}