{"id":1064,"date":"2025-11-15T04:20:20","date_gmt":"2025-11-15T04:20:20","guid":{"rendered":"https:\/\/amclinicas.org\/?page_id=1064"},"modified":"2025-11-15T04:22:33","modified_gmt":"2025-11-15T04:22:33","slug":"quiropraxia","status":"publish","type":"page","link":"https:\/\/amclinicas.org\/index.php\/quiropraxia\/","title":{"rendered":"Quiropraxia"},"content":{"rendered":"\t\t<div data-elementor-type=\"wp-page\" data-elementor-id=\"1064\" class=\"elementor elementor-1064\">\n\t\t\t\t<div class=\"elementor-element elementor-element-541f457 e-flex e-con-boxed sc_layouts_column_icons_position_left e-con e-parent\" data-id=\"541f457\" data-element_type=\"container\">\n\t\t\t\t\t<div class=\"e-con-inner\">\n\t\t\t\t<div class=\"elementor-element elementor-element-60c74fc sc_fly_static elementor-widget elementor-widget-text-editor\" data-id=\"60c74fc\" data-element_type=\"widget\" data-widget_type=\"text-editor.default\">\n\t\t\t\t\t\t\t\t\t<p>Especialidad enfocada en el diagn\u00f3stico y tratamiento de disfunciones de la columna vertebral y el sistema nervioso.<\/p><p>Mediante ajustes manuales, restauramos la movilidad y corregimos desalineaciones que generan dolor o limitaci\u00f3n.<\/p><p>*Siempre realizamos una valoraci\u00f3n previa personalizada, donde se analiza tu historial, s\u00edntomas y objetivos, para crear un plan de tratamiento espec\u00edfico para ti.<\/p><p><strong><u>Atendemos<\/u>:<\/strong><\/p><ul><li>Escoliosis, lordosis, cifosis<\/li><li>Lumbalgia y ci\u00e1tica<\/li><li>Hernias discales y abombamientos<\/li><li>Espondilolistesis y anterolistesis<\/li><li>Bloqueos musculares o articulares<\/li><\/ul><p><strong><u>Procedimientos:<\/u><\/strong><\/p><ul><li>Ajustes manuales de columna y articulaciones.<\/li><li>Liberaci\u00f3n de bloqueos musculares.<\/li><li>T\u00e9cnicas de estiramiento y manipulaci\u00f3n suave.<\/li><\/ul><p><strong><u>Beneficios<\/u>:<\/strong><\/p><ul><li>Alivio del dolor de espalda, cuello y articulaciones.<\/li><li>Mejora la postura, la oxigenaci\u00f3n y la funci\u00f3n nerviosa.<\/li><li>Favorece el rendimiento f\u00edsico y el descanso.<\/li><li>Potencia los resultados de fisioterapia y rehabilitaci\u00f3n.<\/li><\/ul>\t\t\t\t\t\t\t\t<\/div>\n\t\t\t\t\t<\/div>\n\t\t\t\t<\/div>\n\t\t\t\t<\/div>\n\t\t","protected":false},"excerpt":{"rendered":"<p>Especialidad enfocada en el diagn\u00f3stico y tratamiento de disfunciones de la columna vertebral y el sistema nervioso. Mediante ajustes manuales, restauramos la movilidad y corregimos desalineaciones que generan dolor o&hellip;<\/p>\n","protected":false},"author":1,"featured_media":0,"parent":0,"menu_order":0,"comment_status":"closed","ping_status":"closed","template":"","meta":{"ngg_post_thumbnail":0,"_joinchat":[],"footnotes":""},"class_list":["post-1064","page","type-page","status-publish","hentry"],"_links":{"self":[{"href":"https:\/\/amclinicas.org\/index.php\/wp-json\/wp\/v2\/pages\/1064","targetHints":{"allow":["GET"]}}],"collection":[{"href":"https:\/\/amclinicas.org\/index.php\/wp-json\/wp\/v2\/pages"}],"about":[{"href":"https:\/\/amclinicas.org\/index.php\/wp-json\/wp\/v2\/types\/page"}],"author":[{"embeddable":true,"href":"https:\/\/amclinicas.org\/index.php\/wp-json\/wp\/v2\/users\/1"}],"replies":[{"embeddable":true,"href":"https:\/\/amclinicas.org\/index.php\/wp-json\/wp\/v2\/comments?post=1064"}],"version-history":[{"count":4,"href":"https:\/\/amclinicas.org\/index.php\/wp-json\/wp\/v2\/pages\/1064\/revisions"}],"predecessor-version":[{"id":1068,"href":"https:\/\/amclinicas.org\/index.php\/wp-json\/wp\/v2\/pages\/1064\/revisions\/1068"}],"wp:attachment":[{"href":"https:\/\/amclinicas.org\/index.php\/wp-json\/wp\/v2\/media?parent=1064"}],"curies":[{"name":"wp","href":"https:\/\/api.w.org\/{rel}","templated":true}]}}